{"id":1098,"date":"2020-02-20T11:47:41","date_gmt":"2020-02-20T11:47:41","guid":{"rendered":"https:\/\/casaoltraval.it\/?page_id=1098"},"modified":"2026-03-11T11:43:10","modified_gmt":"2026-03-11T10:43:10","slug":"casa-oltraval","status":"publish","type":"page","link":"https:\/\/casaoltraval.it\/it\/casa-oltraval\/","title":{"rendered":"Casa Oltraval"},"content":{"rendered":"\t\t<div data-elementor-type=\"wp-page\" data-elementor-id=\"1098\" class=\"elementor elementor-1098\">\n\t\t\t\t\t\t<section class=\"elementor-section elementor-top-section elementor-element elementor-element-98bdd31 elementor-section-full_width elementor-section-height-default elementor-section-height-default parallax_section_no qode_elementor_container_no\" data-id=\"98bdd31\" data-element_type=\"section\">\n\t\t\t\t\t\t<div class=\"elementor-container elementor-column-gap-default\">\n\t\t\t\t\t<div class=\"elementor-column elementor-col-100 elementor-top-column elementor-element elementor-element-77c7ef6\" data-id=\"77c7ef6\" data-element_type=\"column\">\n\t\t\t<div class=\"elementor-widget-wrap elementor-element-populated\">\n\t\t\t\t\t\t<div class=\"elementor-element elementor-element-89883f7 elementor-widget elementor-widget-image\" data-id=\"89883f7\" data-element_type=\"widget\" data-widget_type=\"image.default\">\n\t\t\t\t<div class=\"elementor-widget-container\">\n\t\t\t\t\t\t\t\t\t\t\t\t\t\t\t<img decoding=\"async\" src=\"https:\/\/casaoltraval.it\/wp-content\/uploads\/elementor\/thumbs\/casa-oltraval-q97okjmhcaxnke9plzodd1vb5ipoyykvj9ft3unb9c.jpg\" title=\"Casa Oltraval Valdobbiadene\" alt=\"Casa Oltraval Valdobbiadene\" loading=\"lazy\" \/>\t\t\t\t\t\t\t\t\t\t\t\t\t\t\t<\/div>\n\t\t\t\t<\/div>\n\t\t\t\t\t<\/div>\n\t\t<\/div>\n\t\t\t\t\t<\/div>\n\t\t<\/section>\n\t\t\t\t<section class=\"elementor-section elementor-top-section elementor-element elementor-element-1b5dbde elementor-section-boxed elementor-section-height-default elementor-section-height-default parallax_section_no qode_elementor_container_no\" data-id=\"1b5dbde\" data-element_type=\"section\">\n\t\t\t\t\t\t<div class=\"elementor-container elementor-column-gap-default\">\n\t\t\t\t\t<div class=\"elementor-column elementor-col-100 elementor-top-column elementor-element elementor-element-54ccebd\" data-id=\"54ccebd\" data-element_type=\"column\">\n\t\t\t<div class=\"elementor-widget-wrap elementor-element-populated\">\n\t\t\t\t\t\t<div class=\"elementor-element elementor-element-06cee98 elementor-widget elementor-widget-html\" data-id=\"06cee98\" data-element_type=\"widget\" data-widget_type=\"html.default\">\n\t\t\t\t<div class=\"elementor-widget-container\">\n\t\t\t\t\t<script charset=\"UTF-8\" defer src=\"https:\/\/cdn.beddy.io\/bol\/prod\/beddybar.js?release13052020_v0\"><\/script><beddy-bar lang=\"it\" widgetcode=\"fe047fb9f0005\"><\/beddy-bar>\t\t\t\t<\/div>\n\t\t\t\t<\/div>\n\t\t\t\t\t<\/div>\n\t\t<\/div>\n\t\t\t\t\t<\/div>\n\t\t<\/section>\n\t\t\t\t<section class=\"elementor-section elementor-top-section elementor-element elementor-element-df2262a elementor-section-boxed elementor-section-height-default elementor-section-height-default parallax_section_no qode_elementor_container_no\" data-id=\"df2262a\" data-element_type=\"section\">\n\t\t\t\t\t\t<div class=\"elementor-container elementor-column-gap-default\">\n\t\t\t\t\t<div class=\"elementor-column elementor-col-100 elementor-top-column elementor-element elementor-element-8f04f65\" data-id=\"8f04f65\" data-element_type=\"column\">\n\t\t\t<div class=\"elementor-widget-wrap elementor-element-populated\">\n\t\t\t\t\t\t<div class=\"elementor-element elementor-element-8e3d986 elementor-widget elementor-widget-text-editor\" data-id=\"8e3d986\" data-element_type=\"widget\" data-widget_type=\"text-editor.default\">\n\t\t\t\t<div class=\"elementor-widget-container\">\n\t\t\t\t\t\t\t\t\t<h6>Bed &amp; Breakfast<\/h6>\t\t\t\t\t\t\t\t<\/div>\n\t\t\t\t<\/div>\n\t\t\t\t<div class=\"elementor-element elementor-element-954ee6a elementor-widget elementor-widget-text-editor\" data-id=\"954ee6a\" data-element_type=\"widget\" data-widget_type=\"text-editor.default\">\n\t\t\t\t<div class=\"elementor-widget-container\">\n\t\t\t\t\t\t\t\t\t<h2>Casa Oltraval<\/h2>\t\t\t\t\t\t\t\t<\/div>\n\t\t\t\t<\/div>\n\t\t\t\t\t<\/div>\n\t\t<\/div>\n\t\t\t\t\t<\/div>\n\t\t<\/section>\n\t\t\t\t<section class=\"elementor-section elementor-top-section elementor-element elementor-element-1462bcc elementor-section-full_width elementor-section-height-default elementor-section-height-default parallax_section_no qode_elementor_container_no\" data-id=\"1462bcc\" data-element_type=\"section\">\n\t\t\t\t\t\t<div class=\"elementor-container elementor-column-gap-default\">\n\t\t\t\t\t<div class=\"elementor-column elementor-col-100 elementor-top-column elementor-element elementor-element-0ec7c46\" data-id=\"0ec7c46\" data-element_type=\"column\">\n\t\t\t<div class=\"elementor-widget-wrap elementor-element-populated\">\n\t\t\t\t\t\t<div class=\"elementor-element elementor-element-54c7d4e gallery-fit elementor-widget elementor-widget-bridge_image_gallery\" data-id=\"54c7d4e\" data-element_type=\"widget\" data-widget_type=\"bridge_image_gallery.default\">\n\t\t\t\t<div class=\"elementor-widget-container\">\n\t\t\t\t\t<div class=\"qode-image-gallery\"><div class=\"qode-image-gallery-inner\"><div class=\"qode-image-gallery-slides wpb_image_grid\" data-interval=\"\"data-control=\"false\"data-direction=\"false\"data-pause-on-hover=\"false\"data-drag=\"false\"><div class=\"gallery_holder\"><ul class=\"gallery_inner   v6\"><li class=\"no_grayscale\"><a itemprop=\"image\" class=\"qode-prettyphoto\" href=\"https:\/\/casaoltraval.it\/wp-content\/uploads\/Sala-da-pranzo-con-travi-a-vista.webp\" data-rel=\"prettyPhoto[rel-1098-1535222358]\"><span class=\"gallery_hover\"><i class=\"fa fa-search\"><\/i><\/span><img decoding=\"async\" itemprop=\"image\" src=\"https:\/\/casaoltraval.it\/wp-content\/uploads\/Sala-da-pranzo-con-travi-a-vista.webp\" \/><\/a><\/li><li class=\"no_grayscale\"><a itemprop=\"image\" class=\"qode-prettyphoto\" href=\"https:\/\/casaoltraval.it\/wp-content\/uploads\/servizi-slider3-1.jpg\" data-rel=\"prettyPhoto[rel-1098-1535222358]\"><span class=\"gallery_hover\"><i class=\"fa fa-search\"><\/i><\/span><img decoding=\"async\" itemprop=\"image\" src=\"https:\/\/casaoltraval.it\/wp-content\/uploads\/servizi-slider3-1.jpg\" \/><\/a><\/li><li class=\"no_grayscale\"><a itemprop=\"image\" class=\"qode-prettyphoto\" href=\"https:\/\/casaoltraval.it\/wp-content\/uploads\/Bottiglia-di-spumante-e-calici-su-tavolo-in-legno.webp\" data-rel=\"prettyPhoto[rel-1098-1535222358]\"><span class=\"gallery_hover\"><i class=\"fa fa-search\"><\/i><\/span><img decoding=\"async\" itemprop=\"image\" src=\"https:\/\/casaoltraval.it\/wp-content\/uploads\/Bottiglia-di-spumante-e-calici-su-tavolo-in-legno.webp\" \/><\/a><\/li><li class=\"no_grayscale\"><a itemprop=\"image\" class=\"qode-prettyphoto\" href=\"https:\/\/casaoltraval.it\/wp-content\/uploads\/Orologio-da-parete-vintage-su-carta-decorata.webp\" data-rel=\"prettyPhoto[rel-1098-1535222358]\"><span class=\"gallery_hover\"><i class=\"fa fa-search\"><\/i><\/span><img decoding=\"async\" itemprop=\"image\" src=\"https:\/\/casaoltraval.it\/wp-content\/uploads\/Orologio-da-parete-vintage-su-carta-decorata.webp\" \/><\/a><\/li><li class=\"no_grayscale\"><a itemprop=\"image\" class=\"qode-prettyphoto\" href=\"https:\/\/casaoltraval.it\/wp-content\/uploads\/Facciata-in-pietra-e-giardino-terrazzato.webp\" data-rel=\"prettyPhoto[rel-1098-1535222358]\"><span class=\"gallery_hover\"><i class=\"fa fa-search\"><\/i><\/span><img decoding=\"async\" itemprop=\"image\" src=\"https:\/\/casaoltraval.it\/wp-content\/uploads\/Facciata-in-pietra-e-giardino-terrazzato.webp\" \/><\/a><\/li><li class=\"no_grayscale\"><a itemprop=\"image\" class=\"qode-prettyphoto\" href=\"https:\/\/casaoltraval.it\/wp-content\/uploads\/gallery-6.jpg\" data-rel=\"prettyPhoto[rel-1098-1535222358]\"><span class=\"gallery_hover\"><i class=\"fa fa-search\"><\/i><\/span><img decoding=\"async\" itemprop=\"image\" src=\"https:\/\/casaoltraval.it\/wp-content\/uploads\/gallery-6.jpg\" \/><\/a><\/li><li class=\"no_grayscale\"><a itemprop=\"image\" class=\"qode-prettyphoto\" href=\"https:\/\/casaoltraval.it\/wp-content\/uploads\/Angolo-dingresso-con-mobile-in-legno.webp\" data-rel=\"prettyPhoto[rel-1098-1535222358]\"><span class=\"gallery_hover\"><i class=\"fa fa-search\"><\/i><\/span><img decoding=\"async\" itemprop=\"image\" src=\"https:\/\/casaoltraval.it\/wp-content\/uploads\/Angolo-dingresso-con-mobile-in-legno.webp\" \/><\/a><\/li><li class=\"no_grayscale\"><a itemprop=\"image\" class=\"qode-prettyphoto\" href=\"https:\/\/casaoltraval.it\/wp-content\/uploads\/Terrazza-ombreggiata-con-pergolato-e-vista.webp\" data-rel=\"prettyPhoto[rel-1098-1535222358]\"><span class=\"gallery_hover\"><i class=\"fa fa-search\"><\/i><\/span><img decoding=\"async\" itemprop=\"image\" src=\"https:\/\/casaoltraval.it\/wp-content\/uploads\/Terrazza-ombreggiata-con-pergolato-e-vista.webp\" \/><\/a><\/li><li class=\"no_grayscale\"><a itemprop=\"image\" class=\"qode-prettyphoto\" href=\"https:\/\/casaoltraval.it\/wp-content\/uploads\/gallery-9.jpg\" data-rel=\"prettyPhoto[rel-1098-1535222358]\"><span class=\"gallery_hover\"><i class=\"fa fa-search\"><\/i><\/span><img decoding=\"async\" itemprop=\"image\" src=\"https:\/\/casaoltraval.it\/wp-content\/uploads\/gallery-9.jpg\" \/><\/a><\/li><li class=\"no_grayscale\"><a itemprop=\"image\" class=\"qode-prettyphoto\" href=\"https:\/\/casaoltraval.it\/wp-content\/uploads\/gallery-10.jpg\" data-rel=\"prettyPhoto[rel-1098-1535222358]\"><span class=\"gallery_hover\"><i class=\"fa fa-search\"><\/i><\/span><img decoding=\"async\" itemprop=\"image\" src=\"https:\/\/casaoltraval.it\/wp-content\/uploads\/gallery-10.jpg\" \/><\/a><\/li><li class=\"no_grayscale\"><a itemprop=\"image\" class=\"qode-prettyphoto\" href=\"https:\/\/casaoltraval.it\/wp-content\/uploads\/Angolo-te-e-colazioni-con-carta-da-parati-botanica.webp\" data-rel=\"prettyPhoto[rel-1098-1535222358]\"><span class=\"gallery_hover\"><i class=\"fa fa-search\"><\/i><\/span><img decoding=\"async\" itemprop=\"image\" src=\"https:\/\/casaoltraval.it\/wp-content\/uploads\/Angolo-te-e-colazioni-con-carta-da-parati-botanica.webp\" \/><\/a><\/li><li class=\"no_grayscale\"><a itemprop=\"image\" class=\"qode-prettyphoto\" href=\"https:\/\/casaoltraval.it\/wp-content\/uploads\/Brindisi-in-camera-con-spumante.webp\" data-rel=\"prettyPhoto[rel-1098-1535222358]\"><span class=\"gallery_hover\"><i class=\"fa fa-search\"><\/i><\/span><img decoding=\"async\" itemprop=\"image\" src=\"https:\/\/casaoltraval.it\/wp-content\/uploads\/Brindisi-in-camera-con-spumante.webp\" \/><\/a><\/li><\/ul><\/div><\/div><\/div><\/div>\t\t\t\t<\/div>\n\t\t\t\t<\/div>\n\t\t\t\t<section class=\"elementor-section elementor-inner-section elementor-element elementor-element-cc26dd3 elementor-section-boxed elementor-section-height-default elementor-section-height-default parallax_section_no qode_elementor_container_no\" data-id=\"cc26dd3\" data-element_type=\"section\">\n\t\t\t\t\t\t<div class=\"elementor-container elementor-column-gap-default\">\n\t\t\t\t\t<div class=\"elementor-column elementor-col-50 elementor-inner-column elementor-element elementor-element-7d6eaaf\" data-id=\"7d6eaaf\" data-element_type=\"column\">\n\t\t\t<div class=\"elementor-widget-wrap elementor-element-populated\">\n\t\t\t\t\t\t<div class=\"elementor-element elementor-element-ed90f55 elementor-widget elementor-widget-text-editor\" data-id=\"ed90f55\" data-element_type=\"widget\" data-widget_type=\"text-editor.default\">\n\t\t\t\t<div class=\"elementor-widget-container\">\n\t\t\t\t\t\t\t\t\t<p><strong>Casa Oltraval \u00e8 un B&amp;B immerso nella tranquilla natura e attorniato dai vigneti<\/strong>. <br \/>Nel cuore delle colline del Prosecco di Conegliano e Valdobbiadene, dal 2019 Patrimonio Unesco, capitale turistica che offre innumerevoli opportunit\u00e0 per gli amanti dell\u2019arte, dello sport, della natura e dell\u2019enogastronomia.<\/p><p>L&#8217;edificio originario risale al 1800 e nel 2016 Gabriella Vettoretti ne \u00e8 diventata proprietaria, trasformandolo in un <b>B&amp;B di design<\/b> ispirato\u00a0allo stile <b>Morris<\/b>, sia nei tessuti che nella carta da parati.<\/p><p>Il <b>B&amp;B Casa Oltraval<\/b> si sviluppa su <b>tre piani<\/b> collegati un\u2019originale\u00a0<b>scala a chiocciola<\/b> che mantiene la struttura storica dell\u2019edificio diviso\u00a0in due ali, con ingresso autonomo.<\/p>\t\t\t\t\t\t\t\t<\/div>\n\t\t\t\t<\/div>\n\t\t\t\t<div class=\"elementor-element elementor-element-d84c31d elementor-widget elementor-widget-text-editor\" data-id=\"d84c31d\" data-element_type=\"widget\" data-widget_type=\"text-editor.default\">\n\t\t\t\t<div class=\"elementor-widget-container\">\n\t\t\t\t\t\t\t\t\t<p>Ad accogliere l\u2019ospite una piccola e confortevole area relax e lettura. L\u2019adiacente sala colazioni offre l\u2019opportunit\u00e0 di consumare <b>fresche colazioni<\/b>\u00a0in una atmosfera raccolta e intima. All\u2019esterno l\u2019<b>ampia terrazza<\/b> \u00e8 lo spazio ideale per una colazione estiva o per un calice di <b>Prosecco<\/b>, sempre disponibile, avvolti dalla bellezza dei vigneti.<\/p>\t\t\t\t\t\t\t\t<\/div>\n\t\t\t\t<\/div>\n\t\t\t\t\t<\/div>\n\t\t<\/div>\n\t\t\t\t<div class=\"elementor-column elementor-col-50 elementor-inner-column elementor-element elementor-element-0f62baf\" data-id=\"0f62baf\" data-element_type=\"column\">\n\t\t\t<div class=\"elementor-widget-wrap elementor-element-populated\">\n\t\t\t\t\t\t<div class=\"elementor-element elementor-element-c8cefa2 elementor-widget elementor-widget-text-editor\" data-id=\"c8cefa2\" data-element_type=\"widget\" data-widget_type=\"text-editor.default\">\n\t\t\t\t<div class=\"elementor-widget-container\">\n\t\t\t\t\t\t\t\t\t<p><strong>Il perch\u00e9 del nome Casa Oltraval?<\/strong><\/p><p><em>Casa<\/em> vuole ricordare l\u2019ambiente accogliente e familiare del focolare, <em>Oltraval<\/em> \u00e8 il nome della zona di Guia in Valdobbiadene in cui \u00e8 situato il B&amp;B.<\/p><p>In uno dei borghi di Guia, frazione di Valdobbiadene detta Guietta, troviamo la localit\u00e0 Oltra Val perch\u00e9 sotto la storica strada che conduce ai vigneti vi \u00e8 una valle, dove tuttora scorre un ruscello che disegna il suo percorso a partire dal Monte Pianezze. Nell\u2019insenatura del ruscello, in fondo alla valle, esiste tuttora una vasca che veniva usata dalle donne del paese per lavare i panni. Oggi il borgo \u00e8 poco abitato ma si trova nel ciglione ricoperto di vigneti dai quali si ricavano ottimi vini.\u00a0 Molti di questi vigneti hanno vigne antiche e variet\u00e0 autoctone ammesse dal disciplinare\u00a0 della denominazione Conegliano Valdobbiadene Prosecco D.O.C.G.: la Perera, la Verdiso e la Bianchetta. In un attimo l\u2019ospite potr\u00e0 scoprire questo spettacolo della natura modellato dall\u2019uomo.<\/p>\t\t\t\t\t\t\t\t<\/div>\n\t\t\t\t<\/div>\n\t\t\t\t\t<\/div>\n\t\t<\/div>\n\t\t\t\t\t<\/div>\n\t\t<\/section>\n\t\t\t\t\t<\/div>\n\t\t<\/div>\n\t\t\t\t\t<\/div>\n\t\t<\/section>\n\t\t\t\t<section class=\"elementor-section elementor-top-section elementor-element elementor-element-c86070d elementor-section-boxed elementor-section-height-default elementor-section-height-default parallax_section_no qode_elementor_container_no\" data-id=\"c86070d\" data-element_type=\"section\">\n\t\t\t\t\t\t<div class=\"elementor-container elementor-column-gap-default\">\n\t\t\t\t\t<div class=\"elementor-column elementor-col-100 elementor-top-column elementor-element elementor-element-c3053d5\" data-id=\"c3053d5\" data-element_type=\"column\">\n\t\t\t<div class=\"elementor-widget-wrap elementor-element-populated\">\n\t\t\t\t\t\t<div class=\"elementor-element elementor-element-8c3a860 elementor-widget elementor-widget-text-editor\" data-id=\"8c3a860\" data-element_type=\"widget\" data-widget_type=\"text-editor.default\">\n\t\t\t\t<div class=\"elementor-widget-container\">\n\t\t\t\t\t\t\t\t\t<h6>Casa OltravaL<\/h6>\t\t\t\t\t\t\t\t<\/div>\n\t\t\t\t<\/div>\n\t\t\t\t<div class=\"elementor-element elementor-element-f551e56 elementor-widget elementor-widget-text-editor\" data-id=\"f551e56\" data-element_type=\"widget\" data-widget_type=\"text-editor.default\">\n\t\t\t\t<div class=\"elementor-widget-container\">\n\t\t\t\t\t\t\t\t\t<h2>Meridiana<\/h2>\t\t\t\t\t\t\t\t<\/div>\n\t\t\t\t<\/div>\n\t\t\t\t\t<\/div>\n\t\t<\/div>\n\t\t\t\t\t<\/div>\n\t\t<\/section>\n\t\t\t\t<section class=\"elementor-section elementor-top-section elementor-element elementor-element-092688c elementor-section-boxed elementor-section-height-default elementor-section-height-default parallax_section_no qode_elementor_container_no\" data-id=\"092688c\" data-element_type=\"section\">\n\t\t\t\t\t\t<div class=\"elementor-container elementor-column-gap-default\">\n\t\t\t\t\t<div class=\"elementor-column elementor-col-33 elementor-top-column elementor-element elementor-element-cb8291d\" data-id=\"cb8291d\" data-element_type=\"column\" data-settings=\"{&quot;background_background&quot;:&quot;slideshow&quot;,&quot;background_slideshow_gallery&quot;:[],&quot;background_slideshow_loop&quot;:&quot;yes&quot;,&quot;background_slideshow_slide_duration&quot;:5000,&quot;background_slideshow_slide_transition&quot;:&quot;fade&quot;,&quot;background_slideshow_transition_duration&quot;:500}\">\n\t\t\t<div class=\"elementor-widget-wrap elementor-element-populated\">\n\t\t\t\t\t\t<div class=\"elementor-element elementor-element-2962abb elementor-widget elementor-widget-text-editor\" data-id=\"2962abb\" data-element_type=\"widget\" data-widget_type=\"text-editor.default\">\n\t\t\t\t<div class=\"elementor-widget-container\">\n\t\t\t\t\t\t\t\t\t<p><em><strong>\u201cCrepusculum mens nesciat\u201d<\/strong><\/em><\/p><p><em><strong>Non permettere che la tua mente conosca il tramonto<\/strong><\/em><\/p><p><strong>L&#8217;orologio solare, <\/strong>chiamato comunemente <strong>meridiana<\/strong>, \u00e8 lo strumento con il quale le popolazioni fin dall&#8217;antichit\u00e0 scandivano lo scorrere del tempo. Rappresenta un sapere antico che ha misurato le giornate fino all&#8217;introduzione degli orologi meccanici realizzati a partire dal medioevo. Era un sistema di prevalente utilit\u00e0 rurale, ideale per scandire il lavoro nei campi, segnalare la fine della giornata lavorativa o richiamare i fedeli alla preghiera serale.<\/p><p><strong>Casa Oltraval \u00e8 immersa nella natura e attorniata dai vigneti che sono la manifestazione dell&#8217;attivit\u00e0 produttiva del territorio<\/strong>.<\/p><p>La <strong>meridiana di Casa Oltraval<\/strong> ha come decorazione principale il <strong>Sole<\/strong>, protagonista e motore di un orologio solare. Il sole \u00e8 energia e vita per la terra e l&#8217;attivit\u00e0 agricola. Un&#8217;attivit\u00e0 che nasce e vive principalmente con l&#8217;energia del sole.<\/p><p>La <strong>luna<\/strong> a destra \u00e8 in fase crescente: periodo fecondo e propizio in agricoltura.<\/p><p><strong>Saturno<\/strong> nella mitologia romana \u00e8 il Dio dell&#8217;agricoltura e nella nostra decorazione \u00e8 la stella che si appoggia sul profilo della luna mimando quel ciclo in cui il movimento della stessa arriva ad occultarlo in cielo ciclicamente 12 volte in un anno per poi lasciarlo visibile per altri 5 anni.<\/p>\t\t\t\t\t\t\t\t<\/div>\n\t\t\t\t<\/div>\n\t\t\t\t\t<\/div>\n\t\t<\/div>\n\t\t\t\t<div class=\"elementor-column elementor-col-33 elementor-top-column elementor-element elementor-element-861a24c\" data-id=\"861a24c\" data-element_type=\"column\">\n\t\t\t<div class=\"elementor-widget-wrap elementor-element-populated\">\n\t\t\t\t\t\t<div class=\"elementor-element elementor-element-78003dc elementor-widget elementor-widget-image\" data-id=\"78003dc\" data-element_type=\"widget\" data-widget_type=\"image.default\">\n\t\t\t\t<div class=\"elementor-widget-container\">\n\t\t\t\t\t\t\t\t\t\t\t\t\t\t\t<img fetchpriority=\"high\" decoding=\"async\" width=\"675\" height=\"1024\" src=\"https:\/\/casaoltraval.it\/wp-content\/uploads\/casa-oltraval-esterno-675x1024.jpg\" class=\"attachment-large size-large wp-image-992\" alt=\"Casa Oltraval Valdobbiadene\" srcset=\"https:\/\/casaoltraval.it\/wp-content\/uploads\/casa-oltraval-esterno-675x1024.jpg 675w, https:\/\/casaoltraval.it\/wp-content\/uploads\/casa-oltraval-esterno-198x300.jpg 198w, https:\/\/casaoltraval.it\/wp-content\/uploads\/casa-oltraval-esterno-768x1165.jpg 768w, https:\/\/casaoltraval.it\/wp-content\/uploads\/casa-oltraval-esterno-700x1062.jpg 700w, https:\/\/casaoltraval.it\/wp-content\/uploads\/casa-oltraval-esterno.jpg 800w\" sizes=\"(max-width: 675px) 100vw, 675px\" \/>\t\t\t\t\t\t\t\t\t\t\t\t\t\t\t<\/div>\n\t\t\t\t<\/div>\n\t\t\t\t\t<\/div>\n\t\t<\/div>\n\t\t\t\t<div class=\"elementor-column elementor-col-33 elementor-top-column elementor-element elementor-element-54c225b\" data-id=\"54c225b\" data-element_type=\"column\">\n\t\t\t<div class=\"elementor-widget-wrap elementor-element-populated\">\n\t\t\t\t\t\t<div class=\"elementor-element elementor-element-037ab82 elementor-widget elementor-widget-text-editor\" data-id=\"037ab82\" data-element_type=\"widget\" data-widget_type=\"text-editor.default\">\n\t\t\t\t<div class=\"elementor-widget-container\">\n\t\t\t\t\t\t\t\t\t<p>In alto a destra troviamo la <strong>costellazione di Orione<\/strong> che nei tempi antichi fungeva da orologio notturno. \u00c8 una costellazione tipicamente invernale che compare infatti in cielo nelle sere autunnali e segna la fine dell&#8217;estate: la terra riposa.<\/p><p>In alto a sinistra troviamo la <strong>costellazione del Leone<\/strong> che nell&#8217;emisfero nord \u00e8 individuabile con facilit\u00e0 nei mesi fra dicembre e giugno. Il suo tramonto indica il tempo del solstizio d&#8217;estate: Il solstizio d\u2019estate \u00e8 il momento che sancisce l\u2019inizio delle arature nei campi, ma anche la pulizia delle vigne.<\/p><p>Infine in basso \u00e8 collocata la <strong>costellazione della Vergine<\/strong> che compare a est in marzo, culmina il 10 maggio e scompare in settembre verso occidente. Simboleggia la Madre Terra. Da sempre la figura disegnata da queste stelle \u00e8 quella di una donna alata che tiene nella mano sinistra una spiga di grano, la stella Spica appunto. Questa figura femminile governava il raccolto dell\u2019orzo e del grano e a qualunque latitudine \u00e8 possibile ritrovarla nelle culture agricole. La donna, in quanto perpetuatrice del gruppo, \u00e8 la fautrice di questo rinnovamento; \u00e8 l\u2019espressione divina pi\u00f9 alta della Grande Madre: la Terra.<\/p><p>Le costellazioni sono state posizionate senza riprodurre l&#8217;orientamento esatto nella volta celeste compatibilmente con lo spazio a disposizione sopra il quadrante.<\/p>\t\t\t\t\t\t\t\t<\/div>\n\t\t\t\t<\/div>\n\t\t\t\t\t<\/div>\n\t\t<\/div>\n\t\t\t\t\t<\/div>\n\t\t<\/section>\n\t\t\t\t<\/div>\n\t\t","protected":false},"excerpt":{"rendered":"<p>Bed &amp; Breakfast Casa Oltraval Casa Oltraval \u00e8 un B&amp;B immerso nella tranquilla natura e attorniato dai vigneti. Nel cuore delle colline del Prosecco di Conegliano e Valdobbiadene, dal 2019 Patrimonio Unesco, capitale turistica che offre innumerevoli opportunit\u00e0 per gli amanti dell\u2019arte, dello sport, della&#8230;<\/p>\n","protected":false},"author":2,"featured_media":0,"parent":0,"menu_order":0,"comment_status":"closed","ping_status":"closed","template":"elementor_header_footer","meta":{"footnotes":""},"class_list":["post-1098","page","type-page","status-publish","hentry"],"_links":{"self":[{"href":"https:\/\/casaoltraval.it\/it\/wp-json\/wp\/v2\/pages\/1098","targetHints":{"allow":["GET"]}}],"collection":[{"href":"https:\/\/casaoltraval.it\/it\/wp-json\/wp\/v2\/pages"}],"about":[{"href":"https:\/\/casaoltraval.it\/it\/wp-json\/wp\/v2\/types\/page"}],"author":[{"embeddable":true,"href":"https:\/\/casaoltraval.it\/it\/wp-json\/wp\/v2\/users\/2"}],"replies":[{"embeddable":true,"href":"https:\/\/casaoltraval.it\/it\/wp-json\/wp\/v2\/comments?post=1098"}],"version-history":[{"count":12,"href":"https:\/\/casaoltraval.it\/it\/wp-json\/wp\/v2\/pages\/1098\/revisions"}],"predecessor-version":[{"id":3019,"href":"https:\/\/casaoltraval.it\/it\/wp-json\/wp\/v2\/pages\/1098\/revisions\/3019"}],"wp:attachment":[{"href":"https:\/\/casaoltraval.it\/it\/wp-json\/wp\/v2\/media?parent=1098"}],"curies":[{"name":"wp","href":"https:\/\/api.w.org\/{rel}","templated":true}]}}